{"id":11,"date":"2024-02-02T18:45:04","date_gmt":"2024-02-02T17:45:04","guid":{"rendered":"https:\/\/lifeverlag.de\/?page_id=11"},"modified":"2024-06-10T16:31:51","modified_gmt":"2024-06-10T14:31:51","slug":"produkte","status":"publish","type":"page","link":"https:\/\/lifeverlag.de\/?page_id=11","title":{"rendered":"Produkte"},"content":{"rendered":"\n<div class=\"wp-block-group alignfull has-accent-background-color has-background has-global-padding is-layout-constrained wp-container-core-group-is-layout-669513ed wp-block-group-is-layout-constrained\" style=\"margin-top:0;margin-bottom:0;padding-top:var(--wp--preset--spacing--50);padding-right:var(--wp--preset--spacing--50);padding-bottom:var(--wp--preset--spacing--50);padding-left:var(--wp--preset--spacing--50)\">\n<div class=\"wp-block-columns alignwide is-layout-flex wp-container-core-columns-is-layout-1da03c2a wp-block-columns-is-layout-flex\">\n<div class=\"wp-block-column is-vertically-aligned-stretch is-layout-flow wp-block-column-is-layout-flow\" style=\"flex-basis:50%\">\n<div class=\"wp-block-group is-vertical is-content-justification-stretch is-layout-flex wp-container-core-group-is-layout-444d5ee8 wp-block-group-is-layout-flex\" style=\"min-height:100%\">\n<h2 class=\"wp-block-heading\">TRVL Counter<\/h2>\n\n\n\n<p>TRVL Counter ist eine aufstrebende, innovative Medienmarke, die sich bei Counterprofis, Reisebu\u0308ro-Inhabern sowie bei mittelsta\u0308ndischen und Spezialveranstaltern etabliert hat. <\/p>\n\n\n\n<p>Unsere Leser, Nutzer und Empfa\u0308nger ko\u0308nnen sich auf allen Kana\u0308len informieren: Montags bis Freitags erscheint die \u201emorning news\u201c als Newsletter, im Laufe des Tages werden die wichtigsten Meldungen auf unserer Website vero\u0308ffentlicht (trvlcounter.de). Auf unseren Social-Media-Kana\u0308len Instagram, Facebook und LinkedIn tauscht sich die Community aus. Freitags erscheint das WEEKLY als wo\u0308chentliche E-Zeitung inklusive Stellenmarkt. Abgerundet wird das Angebot mit dem QUARTERLY, unserem Printmagazin in Premiumqualita\u0308t, das alle drei Monate erscheint.<\/p>\n\n\n\n<p><strong><a href=\"https:\/\/trvlcounter.de\/\" data-type=\"link\" data-id=\"https:\/\/trvlcounter.de\/\" target=\"_blank\" rel=\"noreferrer noopener\">TRVL Counter erleben &gt;&gt;&gt;<\/a><\/strong><\/p>\n\n\n\n<p><a href=\"https:\/\/trvlcounter.de\/newsletter-bestellen\" data-type=\"link\" data-id=\"https:\/\/trvlcounter.de\/newsletter-bestellen\" target=\"_blank\" rel=\"noreferrer noopener\"><strong>Seien Sie ein Teil unserer 30.000 Abonnenten &gt;&gt;&gt;<\/strong><\/a><\/p>\n\n\n\n<p><strong><a href=\"https:\/\/publikationen.trvlcounter.de\/de\/profiles\/fe335a338d7f\/editions\" data-type=\"link\" data-id=\"https:\/\/publikationen.trvlcounter.de\/de\/profiles\/fe335a338d7f\/editions\" target=\"_blank\" rel=\"noreferrer noopener\">Magazin-Archiv &gt;&gt;&gt;<\/a><\/strong><\/p>\n\n\n\n<p><strong><a href=\"https:\/\/trvlcounter.de\/mediadaten\/\" data-type=\"link\" data-id=\"https:\/\/trvlcounter.de\/mediadaten\/\" target=\"_blank\" rel=\"noreferrer noopener\">Mediadaten &gt;&gt;&gt;<\/a><\/strong><\/p>\n\n\n\n<p><\/p>\n<\/div>\n<\/div>\n\n\n\n<div class=\"wp-block-column is-vertically-aligned-center is-layout-flow wp-block-column-is-layout-flow\" style=\"flex-basis:50%\">\n<figure class=\"wp-block-image size-full is-resized is-style-rounded is-style-rounded--1\"><img loading=\"lazy\" decoding=\"async\" width=\"600\" height=\"795\" src=\"https:\/\/lifeverlag.de\/wp-content\/uploads\/2024\/02\/COVER-Bild.png\" alt=\"\" class=\"wp-image-57\" style=\"aspect-ratio:0.75;object-fit:cover;width:455px;height:auto\" srcset=\"https:\/\/lifeverlag.de\/wp-content\/uploads\/2024\/02\/COVER-Bild.png 600w, https:\/\/lifeverlag.de\/wp-content\/uploads\/2024\/02\/COVER-Bild-226x300.png 226w\" sizes=\"auto, (max-width: 600px) 100vw, 600px\" \/><\/figure>\n<\/div>\n<\/div>\n<\/div>\n\n\n\n<div class=\"wp-block-group alignfull has-base-background-color has-background has-global-padding is-layout-constrained wp-container-core-group-is-layout-d89aad35 wp-block-group-is-layout-constrained\" style=\"margin-top:0;margin-bottom:0;padding-top:var(--wp--preset--spacing--50);padding-right:var(--wp--preset--spacing--50);padding-bottom:var(--wp--preset--spacing--50);padding-left:var(--wp--preset--spacing--50)\">\n<div class=\"wp-block-columns alignwide is-layout-flex wp-container-core-columns-is-layout-549b0c86 wp-block-columns-is-layout-flex\">\n<div class=\"wp-block-column has-global-padding is-content-justification-left is-layout-constrained wp-container-core-column-is-layout-4f15e8fe wp-block-column-is-layout-constrained\" style=\"flex-basis:40%\">\n<figure class=\"wp-block-image size-large is-resized\"><img loading=\"lazy\" decoding=\"async\" width=\"979\" height=\"1024\" src=\"https:\/\/lifeverlag.de\/wp-content\/uploads\/2024\/02\/Screenshot-2024-02-02-204503-979x1024.png\" alt=\"\" class=\"wp-image-59\" style=\"width:422px;height:auto\" srcset=\"https:\/\/lifeverlag.de\/wp-content\/uploads\/2024\/02\/Screenshot-2024-02-02-204503-979x1024.png 979w, https:\/\/lifeverlag.de\/wp-content\/uploads\/2024\/02\/Screenshot-2024-02-02-204503-287x300.png 287w, https:\/\/lifeverlag.de\/wp-content\/uploads\/2024\/02\/Screenshot-2024-02-02-204503-768x803.png 768w, https:\/\/lifeverlag.de\/wp-content\/uploads\/2024\/02\/Screenshot-2024-02-02-204503-1468x1536.png 1468w, https:\/\/lifeverlag.de\/wp-content\/uploads\/2024\/02\/Screenshot-2024-02-02-204503.png 1777w\" sizes=\"auto, (max-width: 979px) 100vw, 979px\" \/><\/figure>\n<\/div>\n\n\n\n<div class=\"wp-block-column is-layout-flow wp-container-core-column-is-layout-119bc444 wp-block-column-is-layout-flow\" style=\"flex-basis:60%\">\n<p class=\"has-heading-font-family has-x-large-font-size\" style=\"line-height:1.2\">Junge Reiseprofis<\/p>\n\n\n\n<div class=\"wp-block-columns is-layout-flex wp-container-core-columns-is-layout-87beb0d0 wp-block-columns-is-layout-flex\">\n<div class=\"wp-block-column is-layout-flow wp-block-column-is-layout-flow\">\n<p>Wer sein Wissen st\u00e4ndig ausbaut, kann auch kompetent beraten. So werden die Kundengespr\u00e4che pers\u00f6nlicher, individueller und verbessern die Resonanz.<\/p>\n\n\n\n<p>Umso wichtiger ist es f\u00fcr Sie, als Leistungstr\u00e4ger bzw. Industriepartner, den Reisevertrieb mit Lernangeboten up-to-date zu halten. Nutzen Sie Junge-Reiseprofis.de Plattform als Ihre Kommunikationsbr\u00fccke zum Reisevertrieb der DACH Region ohne Streuverluste und erreichen Sie Touristiker, die sich immer fortbilden wollen. <\/p>\n<\/div>\n\n\n\n<div class=\"wp-block-column is-layout-flow wp-block-column-is-layout-flow\">\n<p>Das Portal ist bei den Expedienten besonders beliebt, weil es kostenfrei ist und kein Login ben\u00f6tigt.<\/p>\n\n\n\n<p><strong><a href=\"https:\/\/junge-reiseprofis.de\/\" data-type=\"link\" data-id=\"https:\/\/trvlcounter.de\/\" target=\"_blank\" rel=\"noreferrer noopener\">Junge Reiseprofis besuchen &gt;&gt;&gt;<\/a><\/strong><\/p>\n\n\n\n<p><strong><a href=\"https:\/\/junge-reiseprofis.de\/sample-page\/\">Newsletter kostenfrei abonnieren &gt;&gt;&gt;<\/a><\/strong><\/p>\n\n\n\n<p><strong><a href=\"https:\/\/trvlcounter.de\/mediadaten\/\" data-type=\"link\" data-id=\"https:\/\/trvlcounter.de\/mediadaten\/\" target=\"_blank\" rel=\"noreferrer noopener\">Mediadaten &gt;&gt;&gt;<\/a><\/strong><\/p>\n<\/div>\n<\/div>\n<\/div>\n<\/div>\n<\/div>\n\n\n\n<div class=\"wp-block-group alignfull has-accent-5-background-color has-background has-global-padding is-layout-constrained wp-container-core-group-is-layout-d89aad35 wp-block-group-is-layout-constrained\" style=\"margin-top:0;margin-bottom:0;padding-top:var(--wp--preset--spacing--50);padding-right:var(--wp--preset--spacing--50);padding-bottom:var(--wp--preset--spacing--50);padding-left:var(--wp--preset--spacing--50)\">\n<div class=\"wp-block-columns alignwide is-layout-flex wp-container-core-columns-is-layout-1da03c2a wp-block-columns-is-layout-flex\">\n<div class=\"wp-block-column is-vertically-aligned-center is-layout-flow wp-block-column-is-layout-flow\" style=\"flex-basis:60%\">\n<figure class=\"wp-block-embed is-type-video is-provider-youtube wp-block-embed-youtube wp-embed-aspect-16-9 wp-has-aspect-ratio\"><div class=\"wp-block-embed__wrapper\">\n<iframe loading=\"lazy\" title=\"easyboarding goes berlin travel festival\" width=\"500\" height=\"281\" src=\"https:\/\/www.youtube.com\/embed\/EEBxbKdeXLE?start=4&#038;feature=oembed\" frameborder=\"0\" allow=\"accelerometer; autoplay; clipboard-write; encrypted-media; gyroscope; picture-in-picture; web-share\" referrerpolicy=\"strict-origin-when-cross-origin\" allowfullscreen><\/iframe>\n<\/div><\/figure>\n<\/div>\n\n\n\n<div class=\"wp-block-column is-layout-flow wp-block-column-is-layout-flow\" style=\"flex-basis:40%\">\n<h2 class=\"wp-block-heading\">easyboarding<br>next stop: dein Traumjob.<\/h2>\n\n\n\n<p>easyboarding ist dein&nbsp;Karriere-Boost&nbsp;in der Touristik, in Zusammenarbeit mit dem Deutschen Reiseverband (DRV).<\/p>\n\n\n\n<p>Wir bieten Recruiting-Events, einen Talentpool, eine Jobb\u00f6rse und regelm\u00e4\u00dfige Jobnewsletter. Alle Angebote gelten f\u00fcr Quereinsteiger*innen und Menschen mit Erfahrungen im Tourismus. easyboarding bietet diverse L\u00f6sungen f\u00fcr Unternehmen, um Mitarbeitende zu gewinnen. Wir organisieren Speed-Recruiting-Events, bieten eine Jobb\u00f6rse f\u00fcr die Touristik an und geben Unternehmen Zugriff auf Dutzende Profile in unserem easyboarding Talentpool.<\/p>\n\n\n\n<div class=\"wp-block-buttons is-layout-flex wp-block-buttons-is-layout-flex\">\n<div class=\"wp-block-button\"><a class=\"wp-block-button__link wp-element-button\" href=\"https:\/\/easyboarding.de\/\" target=\"_blank\" rel=\"noreferrer noopener\">weitere Informationen<\/a><\/div>\n<\/div>\n<\/div>\n<\/div>\n<\/div>\n\n\n\n<div class=\"wp-block-group alignfull has-base-2-background-color has-background has-global-padding is-layout-constrained wp-container-core-group-is-layout-669513ed wp-block-group-is-layout-constrained\" style=\"margin-top:0;margin-bottom:0;padding-top:var(--wp--preset--spacing--50);padding-right:var(--wp--preset--spacing--50);padding-bottom:var(--wp--preset--spacing--50);padding-left:var(--wp--preset--spacing--50)\">\n<div class=\"wp-block-columns alignwide is-layout-flex wp-container-core-columns-is-layout-1da03c2a wp-block-columns-is-layout-flex\">\n<div class=\"wp-block-column is-vertically-aligned-stretch is-layout-flow wp-block-column-is-layout-flow\" style=\"flex-basis:50%\">\n<div class=\"wp-block-group is-vertical is-content-justification-stretch is-layout-flex wp-container-core-group-is-layout-444d5ee8 wp-block-group-is-layout-flex\" style=\"min-height:100%\">\n<h2 class=\"wp-block-heading\">Das Karibik Magazin<\/h2>\n\n\n\n<p>Das beliebte Karibik Magazin macht Lust auf eine der vielf\u00e4ltigsten Reisedestinationen auf unserer Erde: die Karibische Inselwelt. Ebenso abwechslungsreich ist das geplante Themenangebot f\u00fcr die neue Ausgabe 2024: Erholung trifft Abenteuer \u2013 die faszinierende Vielfalt der Inselstaaten; die besten Spots f\u00fcr Tauchfans und Golfer; Insider verraten ihre Lieblingsrestaurants und karibischen Spezialit\u00e4ten; Heiraten &amp; Honeymoon in der Karibik sowie ein Schwerpunkt Kreuzfahrten in der Karibik.<\/p>\n\n\n\n<p>Einmal im Jahr stehen die sch\u00f6nsten Inseln der Karibik im Fokus des Hamburger Reisemagazinverlags Life! Zusammen mit der &#8220;Arbeitsgemeinschaft Karibik&#8221; erscheint das hochwertige B2C-Magazin mit einer Print- und Online-Reichweite von 100.000 Exemplaren.<\/p>\n\n\n\n<p><strong><a href=\"https:\/\/publikationen.trvlcounter.de\/de\/profiles\/fe335a338d7f\/editions\/ab2068649228edd077aa\" data-type=\"link\" data-id=\"https:\/\/publikationen.trvlcounter.de\/de\/profiles\/fe335a338d7f\/editions\/ab2068649228edd077aa\" target=\"_blank\" rel=\"noreferrer noopener\">Das Magazin online lesen &gt;&gt;&gt;<\/a><\/strong><\/p>\n\n\n\n<p><strong><a href=\"https:\/\/lifeverlag.de\/wp-content\/uploads\/2024\/02\/Mediadaten_2024_DasKaribikMagazin-1.pdf\" data-type=\"link\" data-id=\"https:\/\/trvlcounter.de\/mediadaten\/\" target=\"_blank\" rel=\"noreferrer noopener\">Mediadaten &gt;&gt;&gt;<\/a><\/strong><\/p>\n<\/div>\n<\/div>\n\n\n\n<div class=\"wp-block-column is-vertically-aligned-center is-layout-flow wp-block-column-is-layout-flow\" style=\"flex-basis:50%\">\n<figure class=\"wp-block-image size-full is-resized is-style-rounded is-style-rounded--2\"><img loading=\"lazy\" decoding=\"async\" width=\"1193\" height=\"1600\" src=\"https:\/\/lifeverlag.de\/wp-content\/uploads\/2024\/02\/Screenshot-2024-02-02-205657.png\" alt=\"\" class=\"wp-image-61\" style=\"aspect-ratio:0.75;object-fit:cover;width:385px;height:auto\" srcset=\"https:\/\/lifeverlag.de\/wp-content\/uploads\/2024\/02\/Screenshot-2024-02-02-205657.png 1193w, https:\/\/lifeverlag.de\/wp-content\/uploads\/2024\/02\/Screenshot-2024-02-02-205657-224x300.png 224w, https:\/\/lifeverlag.de\/wp-content\/uploads\/2024\/02\/Screenshot-2024-02-02-205657-764x1024.png 764w, https:\/\/lifeverlag.de\/wp-content\/uploads\/2024\/02\/Screenshot-2024-02-02-205657-768x1030.png 768w, https:\/\/lifeverlag.de\/wp-content\/uploads\/2024\/02\/Screenshot-2024-02-02-205657-1145x1536.png 1145w\" sizes=\"auto, (max-width: 1193px) 100vw, 1193px\" \/><\/figure>\n<\/div>\n<\/div>\n<\/div>\n\n\n\n\n\n<hr class=\"wp-block-separator has-alpha-channel-opacity\"\/>\n","protected":false},"excerpt":{"rendered":"<p>TRVL Counter TRVL Counter ist eine aufstrebende, innovative Medienmarke, die sich bei Counterprofis, Reisebu\u0308ro-Inhabern sowie bei mittelsta\u0308ndischen und Spezialveranstaltern etabliert hat. Unsere Leser, Nutzer und Empfa\u0308nger ko\u0308nnen sich auf allen Kana\u0308len informieren: Montags bis Freitags erscheint die \u201emorning news\u201c als Newsletter, im Laufe des Tages werden die wichtigsten Meldungen auf unserer Website vero\u0308ffentlicht (trvlcounter.de). Auf [&hellip;]<\/p>\n","protected":false},"author":1,"featured_media":0,"parent":0,"menu_order":0,"comment_status":"closed","ping_status":"closed","template":"","meta":{"footnotes":""},"class_list":["post-11","page","type-page","status-publish","hentry"],"_links":{"self":[{"href":"https:\/\/lifeverlag.de\/index.php?rest_route=\/wp\/v2\/pages\/11","targetHints":{"allow":["GET"]}}],"collection":[{"href":"https:\/\/lifeverlag.de\/index.php?rest_route=\/wp\/v2\/pages"}],"about":[{"href":"https:\/\/lifeverlag.de\/index.php?rest_route=\/wp\/v2\/types\/page"}],"author":[{"embeddable":true,"href":"https:\/\/lifeverlag.de\/index.php?rest_route=\/wp\/v2\/users\/1"}],"replies":[{"embeddable":true,"href":"https:\/\/lifeverlag.de\/index.php?rest_route=%2Fwp%2Fv2%2Fcomments&post=11"}],"version-history":[{"count":5,"href":"https:\/\/lifeverlag.de\/index.php?rest_route=\/wp\/v2\/pages\/11\/revisions"}],"predecessor-version":[{"id":78,"href":"https:\/\/lifeverlag.de\/index.php?rest_route=\/wp\/v2\/pages\/11\/revisions\/78"}],"wp:attachment":[{"href":"https:\/\/lifeverlag.de\/index.php?rest_route=%2Fwp%2Fv2%2Fmedia&parent=11"}],"curies":[{"name":"wp","href":"https:\/\/api.w.org\/{rel}","templated":true}]}}